{"id":4149,"date":"2023-04-21T08:05:09","date_gmt":"2023-04-21T07:05:09","guid":{"rendered":"https:\/\/www.ortho-hart.at\/rucne\/"},"modified":"2024-10-31T09:56:14","modified_gmt":"2024-10-31T08:56:14","slug":"rucne","status":"publish","type":"page","link":"https:\/\/www.ortho-hart.at\/cs\/rucne\/","title":{"rendered":"Ru\u010dn\u011b"},"content":{"rendered":"\t\t<div data-elementor-type=\"wp-page\" data-elementor-id=\"4149\" class=\"elementor elementor-4149 elementor-243\" data-elementor-post-type=\"page\">\n\t\t\t\t\t\t<section class=\"elementor-section elementor-top-section elementor-element elementor-element-7bef83b elementor-section-boxed elementor-section-height-default elementor-section-height-default\" data-id=\"7bef83b\" data-element_type=\"section\">\n\t\t\t\t\t\t<div class=\"elementor-container elementor-column-gap-default\">\n\t\t\t\t\t<div class=\"elementor-column elementor-col-100 elementor-top-column elementor-element elementor-element-31d6b2b\" data-id=\"31d6b2b\" data-element_type=\"column\">\n\t\t\t<div class=\"elementor-widget-wrap elementor-element-populated\">\n\t\t\t\t\t\t<div class=\"elementor-element elementor-element-2ed402c elementor-widget elementor-widget-heading\" data-id=\"2ed402c\" data-element_type=\"widget\" data-widget_type=\"heading.default\">\n\t\t\t\t<div class=\"elementor-widget-container\">\n\t\t\t\t\t<h1 class=\"elementor-heading-title elementor-size-default\">Ru\u010dn\u011b<\/h1>\t\t\t\t<\/div>\n\t\t\t\t<\/div>\n\t\t\t\t<div class=\"elementor-element elementor-element-f5042bd elementor-widget-divider--view-line elementor-widget elementor-widget-global elementor-global-4145 elementor-global-172 elementor-widget-divider\" data-id=\"f5042bd\" data-element_type=\"widget\" data-widget_type=\"divider.default\">\n\t\t\t\t<div class=\"elementor-widget-container\">\n\t\t\t\t\t\t\t<div class=\"elementor-divider\">\n\t\t\t<span class=\"elementor-divider-separator\">\n\t\t\t\t\t\t<\/span>\n\t\t<\/div>\n\t\t\t\t\t\t<\/div>\n\t\t\t\t<\/div>\n\t\t\t\t<div class=\"elementor-element elementor-element-fb4b90b elementor-widget elementor-widget-text-editor\" data-id=\"fb4b90b\" data-element_type=\"widget\" data-widget_type=\"text-editor.default\">\n\t\t\t\t<div class=\"elementor-widget-container\">\n\t\t\t\t\t\t\t\t\t<p class=\"wnd-align-center\"><span class=\"wsw-02 wnd-font-size-60\">Ruka je velmi slo\u017eit\u00fd syst\u00e9m kost\u00ed, kloub\u016f, vaz\u016f a \u0161lach, kter\u00fd umo\u017e\u0148uje prst\u016fm vykon\u00e1vat jemnou pr\u00e1ci.  <\/span><\/p>\n<p class=\"wnd-align-center\"><span class=\"wsw-02 wnd-font-size-60\">Naru\u0161en\u00ed tohoto syst\u00e9mu m\u016f\u017ee v\u00e9st ke zna\u010dn\u00fdm funk\u010dn\u00edm omezen\u00edm. Krom\u011b po\u00farazov\u00fdch stav\u016f se zab\u00fdv\u00e1me tak\u00e9 revmatick\u00fdmi, degenerativn\u00edmi nebo v\u00fdvojov\u00fdmi onemocn\u011bn\u00edmi.   <\/span><\/p>\n<p class=\"wnd-align-center\"><span class=\"wsw-02 wnd-font-size-60\">Mezi nej\u010dast\u011bj\u0161\u00ed chirurgick\u00e9 z\u00e1kroky pat\u0159\u00ed korekce osy, uvoln\u011bn\u00ed pohybu, stabilizace kloub\u016f, rekonstrukce \u0161lach a l\u00e9\u010dba degenerativn\u00edch zm\u011bn (artr\u00f3zy nebo revmatismu) pomoc\u00ed endoprot\u00e9z nebo f\u00faz\u00ed.<\/span><\/p>\n\t\t\t\t\t\t\t\t<\/div>\n\t\t\t\t<\/div>\n\t\t\t\t\t<\/div>\n\t\t<\/div>\n\t\t\t\t\t<\/div>\n\t\t<\/section>\n\t\t\t\t<section class=\"elementor-section elementor-top-section elementor-element elementor-element-cd57869 elementor-section-boxed elementor-section-height-default elementor-section-height-default elementor-invisible\" data-id=\"cd57869\" data-element_type=\"section\" data-settings=\"{&quot;background_background&quot;:&quot;classic&quot;,&quot;animation&quot;:&quot;fadeInUp&quot;}\">\n\t\t\t\t\t\t<div class=\"elementor-container elementor-column-gap-default\">\n\t\t\t\t\t<div class=\"elementor-column elementor-col-100 elementor-top-column elementor-element elementor-element-75dae09\" data-id=\"75dae09\" data-element_type=\"column\">\n\t\t\t<div class=\"elementor-widget-wrap elementor-element-populated\">\n\t\t\t\t\t\t<div class=\"elementor-element elementor-element-4ffc97e elementor-widget elementor-widget-gallery\" data-id=\"4ffc97e\" data-element_type=\"widget\" data-settings=\"{&quot;gap&quot;:{&quot;unit&quot;:&quot;px&quot;,&quot;size&quot;:20,&quot;sizes&quot;:[]},&quot;columns_tablet&quot;:3,&quot;aspect_ratio&quot;:&quot;1:1&quot;,&quot;overlay_description&quot;:&quot;alt&quot;,&quot;columns&quot;:5,&quot;gallery_layout&quot;:&quot;grid&quot;,&quot;columns_mobile&quot;:1,&quot;gap_tablet&quot;:{&quot;unit&quot;:&quot;px&quot;,&quot;size&quot;:10,&quot;sizes&quot;:[]},&quot;gap_mobile&quot;:{&quot;unit&quot;:&quot;px&quot;,&quot;size&quot;:10,&quot;sizes&quot;:[]},&quot;link_to&quot;:&quot;file&quot;,&quot;overlay_background&quot;:&quot;yes&quot;,&quot;content_hover_animation&quot;:&quot;fade-in&quot;}\" data-widget_type=\"gallery.default\">\n\t\t\t\t<div class=\"elementor-widget-container\">\n\t\t\t\t\t\t\t<div class=\"elementor-gallery__container\">\n\t\t\t\t\t\t\t<a class=\"e-gallery-item elementor-gallery-item elementor-animated-content\" href=\"https:\/\/www.ortho-hart.at\/wp-content\/uploads\/2023\/04\/Kleinfragmentfixation.webp\" data-elementor-open-lightbox=\"yes\" data-elementor-lightbox-slideshow=\"4ffc97e\" data-elementor-lightbox-title=\"Kleinfragmentfixation\" data-e-action-hash=\"#elementor-action%3Aaction%3Dlightbox%26settings%3DeyJpZCI6MzEyLCJ1cmwiOiJodHRwczpcL1wvd3d3Lm9ydGhvLWhhcnQuYXRcL3dwLWNvbnRlbnRcL3VwbG9hZHNcLzIwMjNcLzA0XC9LbGVpbmZyYWdtZW50Zml4YXRpb24ud2VicCIsInNsaWRlc2hvdyI6IjRmZmM5N2UifQ%3D%3D\">\n\t\t\t\t\t<div class=\"e-gallery-image elementor-gallery-item__image\" data-thumbnail=\"https:\/\/www.ortho-hart.at\/wp-content\/uploads\/2023\/04\/Kleinfragmentfixation.webp\" data-width=\"229\" data-height=\"583\" aria-label=\"Kleinfragmentfixation\" role=\"img\" ><\/div>\n\t\t\t\t\t\t\t\t\t\t\t<div class=\"elementor-gallery-item__overlay\"><\/div>\n\t\t\t\t\t\t\t\t\t\t\t\t\t\t\t<div class=\"elementor-gallery-item__content\">\n\t\t\t\t\t\t\t\t\t\t\t\t\t\t<div class=\"elementor-gallery-item__description\">\n\t\t\t\t\t\t\t\t\t\t\t\t\t\t\t\t\t\tKleinfragmentfixation\t\t\t\t\t\t\t\t<\/div>\n\t\t\t\t\t\t\t\t\t\t\t\t<\/div>\n\t\t\t\t\t\t\t\t\t<\/a>\n\t\t\t\t\t\t\t<a class=\"e-gallery-item elementor-gallery-item elementor-animated-content\" href=\"https:\/\/www.ortho-hart.at\/wp-content\/uploads\/2023\/04\/Verplattung-einer-Fraktur.jpg\" data-elementor-open-lightbox=\"yes\" data-elementor-lightbox-slideshow=\"4ffc97e\" data-elementor-lightbox-title=\"Verplattung einer Fraktur\" data-e-action-hash=\"#elementor-action%3Aaction%3Dlightbox%26settings%3DeyJpZCI6MzA5LCJ1cmwiOiJodHRwczpcL1wvd3d3Lm9ydGhvLWhhcnQuYXRcL3dwLWNvbnRlbnRcL3VwbG9hZHNcLzIwMjNcLzA0XC9WZXJwbGF0dHVuZy1laW5lci1GcmFrdHVyLmpwZyIsInNsaWRlc2hvdyI6IjRmZmM5N2UifQ%3D%3D\">\n\t\t\t\t\t<div class=\"e-gallery-image elementor-gallery-item__image\" data-thumbnail=\"https:\/\/www.ortho-hart.at\/wp-content\/uploads\/2023\/04\/Verplattung-einer-Fraktur.jpg\" data-width=\"462\" data-height=\"836\" aria-label=\"Verplattung einer Fraktur\" role=\"img\" ><\/div>\n\t\t\t\t\t\t\t\t\t\t\t<div class=\"elementor-gallery-item__overlay\"><\/div>\n\t\t\t\t\t\t\t\t\t\t\t\t\t\t\t<div class=\"elementor-gallery-item__content\">\n\t\t\t\t\t\t\t\t\t\t\t\t\t\t<div class=\"elementor-gallery-item__description\">\n\t\t\t\t\t\t\t\t\t\t\t\t\t\t\t\t\t\tVerplattung einer Fraktur\t\t\t\t\t\t\t\t<\/div>\n\t\t\t\t\t\t\t\t\t\t\t\t<\/div>\n\t\t\t\t\t\t\t\t\t<\/a>\n\t\t\t\t\t\t\t<a class=\"e-gallery-item elementor-gallery-item elementor-animated-content\" href=\"https:\/\/www.ortho-hart.at\/wp-content\/uploads\/2023\/04\/Externe-Fixatur-der-Fraktur.webp\" data-elementor-open-lightbox=\"yes\" data-elementor-lightbox-slideshow=\"4ffc97e\" data-elementor-lightbox-title=\"Externe Fixatur der Fraktur\" data-e-action-hash=\"#elementor-action%3Aaction%3Dlightbox%26settings%3DeyJpZCI6MzEwLCJ1cmwiOiJodHRwczpcL1wvd3d3Lm9ydGhvLWhhcnQuYXRcL3dwLWNvbnRlbnRcL3VwbG9hZHNcLzIwMjNcLzA0XC9FeHRlcm5lLUZpeGF0dXItZGVyLUZyYWt0dXIud2VicCIsInNsaWRlc2hvdyI6IjRmZmM5N2UifQ%3D%3D\">\n\t\t\t\t\t<div class=\"e-gallery-image elementor-gallery-item__image\" data-thumbnail=\"https:\/\/www.ortho-hart.at\/wp-content\/uploads\/2023\/04\/Externe-Fixatur-der-Fraktur.webp\" data-width=\"936\" data-height=\"1883\" aria-label=\"Externe Fixatur der Fraktur\" role=\"img\" ><\/div>\n\t\t\t\t\t\t\t\t\t\t\t<div class=\"elementor-gallery-item__overlay\"><\/div>\n\t\t\t\t\t\t\t\t\t\t\t\t\t\t\t<div class=\"elementor-gallery-item__content\">\n\t\t\t\t\t\t\t\t\t\t\t\t\t\t<div class=\"elementor-gallery-item__description\">\n\t\t\t\t\t\t\t\t\t\t\t\t\t\t\t\t\t\tExterne Fixatur der Fraktur\t\t\t\t\t\t\t\t<\/div>\n\t\t\t\t\t\t\t\t\t\t\t\t<\/div>\n\t\t\t\t\t\t\t\t\t<\/a>\n\t\t\t\t\t\t\t<a class=\"e-gallery-item elementor-gallery-item elementor-animated-content\" href=\"https:\/\/www.ortho-hart.at\/wp-content\/uploads\/2023\/04\/Achsekorrektur-Finger.webp\" data-elementor-open-lightbox=\"yes\" data-elementor-lightbox-slideshow=\"4ffc97e\" data-elementor-lightbox-title=\"Achsekorrektur des Finger\" data-e-action-hash=\"#elementor-action%3Aaction%3Dlightbox%26settings%3DeyJpZCI6MzExLCJ1cmwiOiJodHRwczpcL1wvd3d3Lm9ydGhvLWhhcnQuYXRcL3dwLWNvbnRlbnRcL3VwbG9hZHNcLzIwMjNcLzA0XC9BY2hzZWtvcnJla3R1ci1GaW5nZXIud2VicCIsInNsaWRlc2hvdyI6IjRmZmM5N2UifQ%3D%3D\">\n\t\t\t\t\t<div class=\"e-gallery-image elementor-gallery-item__image\" data-thumbnail=\"https:\/\/www.ortho-hart.at\/wp-content\/uploads\/2023\/04\/Achsekorrektur-Finger.webp\" data-width=\"339\" data-height=\"879\" aria-label=\"Achsekorrektur des Finger\" role=\"img\" ><\/div>\n\t\t\t\t\t\t\t\t\t\t\t<div class=\"elementor-gallery-item__overlay\"><\/div>\n\t\t\t\t\t\t\t\t\t\t\t\t\t\t\t<div class=\"elementor-gallery-item__content\">\n\t\t\t\t\t\t\t\t\t\t\t\t\t\t<div class=\"elementor-gallery-item__description\">\n\t\t\t\t\t\t\t\t\t\t\t\t\t\t\t\t\t\tAchsekorrektur des Finger\t\t\t\t\t\t\t\t<\/div>\n\t\t\t\t\t\t\t\t\t\t\t\t<\/div>\n\t\t\t\t\t\t\t\t\t<\/a>\n\t\t\t\t\t<\/div>\n\t\t\t\t\t<\/div>\n\t\t\t\t<\/div>\n\t\t\t\t\t<\/div>\n\t\t<\/div>\n\t\t\t\t\t<\/div>\n\t\t<\/section>\n\t\t\t\t<\/div>\n\t\t","protected":false},"excerpt":{"rendered":"<p>Ruka je velmi slo\u017eit\u00fd syst\u00e9m kost\u00ed, kloub\u016f, vaz\u016f a \u0161lach, kter\u00fd umo\u017e\u0148uje prst\u016fm vykon\u00e1vat jemnou pr\u00e1ci. Naru\u0161en\u00ed tohoto syst\u00e9mu m\u016f\u017ee v\u00e9st ke zna\u010dn\u00fdm funk\u010dn\u00edm omezen\u00edm. Krom\u011b po\u00farazov\u00fdch stav\u016f se zab\u00fdv\u00e1me tak\u00e9 revmatick\u00fdmi, degenerativn\u00edmi nebo v\u00fdvojov\u00fdmi onemocn\u011bn\u00edmi. Mezi nej\u010dast\u011bj\u0161\u00ed chirurgick\u00e9 z\u00e1kroky pat\u0159\u00ed korekce osy, uvoln\u011bn\u00ed pohybu, stabilizace kloub\u016f, rekonstrukce \u0161lach a l\u00e9\u010dba degenerativn\u00edch zm\u011bn (artr\u00f3zy nebo&hellip;&nbsp;<a href=\"https:\/\/www.ortho-hart.at\/cs\/rucne\/\" rel=\"bookmark\"><span class=\"screen-reader-text\">Ru\u010dn\u011b<\/span><\/a><\/p>\n","protected":false},"author":2,"featured_media":0,"parent":0,"menu_order":0,"comment_status":"closed","ping_status":"closed","template":"page-templates\/template-pagebuilder-full-width.php","meta":{"neve_meta_sidebar":"","neve_meta_container":"","neve_meta_enable_content_width":"","neve_meta_content_width":0,"neve_meta_title_alignment":"","neve_meta_author_avatar":"","neve_post_elements_order":"","neve_meta_disable_header":"","neve_meta_disable_footer":"","neve_meta_disable_title":"","neve_meta_reading_time":"","footnotes":""},"class_list":["post-4149","page","type-page","status-publish","hentry"],"yoast_head":"<!-- This site is optimized with the Yoast SEO plugin v27.1.1 - https:\/\/yoast.com\/product\/yoast-seo-wordpress\/ -->\n<title>Ru\u010dn\u011b - Ellenbogenspezialist Wien - Dr. Radek Hart<\/title>\n<meta name=\"robots\" content=\"index, follow, max-snippet:-1, max-image-preview:large, max-video-preview:-1\" \/>\n<link rel=\"canonical\" href=\"https:\/\/www.ortho-hart.at\/cs\/rucne\/\" \/>\n<meta property=\"og:locale\" content=\"cs_CZ\" \/>\n<meta property=\"og:type\" content=\"article\" \/>\n<meta property=\"og:title\" content=\"Ru\u010dn\u011b - Ellenbogenspezialist Wien - Dr. Radek Hart\" \/>\n<meta property=\"og:description\" content=\"Ruka je velmi slo\u017eit\u00fd syst\u00e9m kost\u00ed, kloub\u016f, vaz\u016f a \u0161lach, kter\u00fd umo\u017e\u0148uje prst\u016fm vykon\u00e1vat jemnou pr\u00e1ci. Naru\u0161en\u00ed tohoto syst\u00e9mu m\u016f\u017ee v\u00e9st ke zna\u010dn\u00fdm funk\u010dn\u00edm omezen\u00edm. Krom\u011b po\u00farazov\u00fdch stav\u016f se zab\u00fdv\u00e1me tak\u00e9 revmatick\u00fdmi, degenerativn\u00edmi nebo v\u00fdvojov\u00fdmi onemocn\u011bn\u00edmi. Mezi nej\u010dast\u011bj\u0161\u00ed chirurgick\u00e9 z\u00e1kroky pat\u0159\u00ed korekce osy, uvoln\u011bn\u00ed pohybu, stabilizace kloub\u016f, rekonstrukce \u0161lach a l\u00e9\u010dba degenerativn\u00edch zm\u011bn (artr\u00f3zy nebo&hellip;&nbsp;Ru\u010dn\u011b\" \/>\n<meta property=\"og:url\" content=\"https:\/\/www.ortho-hart.at\/cs\/rucne\/\" \/>\n<meta property=\"og:site_name\" content=\"Ellenbogenspezialist Wien - Dr. Radek Hart\" \/>\n<meta property=\"article:modified_time\" content=\"2024-10-31T08:56:14+00:00\" \/>\n<meta name=\"twitter:card\" content=\"summary_large_image\" \/>\n<meta name=\"twitter:label1\" content=\"Odhadovan\u00e1 doba \u010dten\u00ed\" \/>\n\t<meta name=\"twitter:data1\" content=\"1 minuta\" \/>\n<script type=\"application\/ld+json\" class=\"yoast-schema-graph\">{\"@context\":\"https:\/\/schema.org\",\"@graph\":[{\"@type\":\"WebPage\",\"@id\":\"https:\/\/www.ortho-hart.at\/cs\/rucne\/\",\"url\":\"https:\/\/www.ortho-hart.at\/cs\/rucne\/\",\"name\":\"Ru\u010dn\u011b - Ellenbogenspezialist Wien - Dr. Radek Hart\",\"isPartOf\":{\"@id\":\"https:\/\/www.ortho-hart.at\/cs\/#website\"},\"datePublished\":\"2023-04-21T07:05:09+00:00\",\"dateModified\":\"2024-10-31T08:56:14+00:00\",\"breadcrumb\":{\"@id\":\"https:\/\/www.ortho-hart.at\/cs\/rucne\/#breadcrumb\"},\"inLanguage\":\"cs\",\"potentialAction\":[{\"@type\":\"ReadAction\",\"target\":[\"https:\/\/www.ortho-hart.at\/cs\/rucne\/\"]}]},{\"@type\":\"BreadcrumbList\",\"@id\":\"https:\/\/www.ortho-hart.at\/cs\/rucne\/#breadcrumb\",\"itemListElement\":[{\"@type\":\"ListItem\",\"position\":1,\"name\":\"Startseite\",\"item\":\"https:\/\/www.ortho-hart.at\/cs\/domovska-stranka\/\"},{\"@type\":\"ListItem\",\"position\":2,\"name\":\"Ru\u010dn\u011b\"}]},{\"@type\":\"WebSite\",\"@id\":\"https:\/\/www.ortho-hart.at\/cs\/#website\",\"url\":\"https:\/\/www.ortho-hart.at\/cs\/\",\"name\":\"Ellenbogenspezialist Wien - Dr. Radek Hart\",\"description\":\"Orthop\u00e4de 1190 Wien - Spezialist f\u00fcr Ellenbogen\",\"publisher\":{\"@id\":\"https:\/\/www.ortho-hart.at\/cs\/#organization\"},\"potentialAction\":[{\"@type\":\"SearchAction\",\"target\":{\"@type\":\"EntryPoint\",\"urlTemplate\":\"https:\/\/www.ortho-hart.at\/cs\/?s={search_term_string}\"},\"query-input\":{\"@type\":\"PropertyValueSpecification\",\"valueRequired\":true,\"valueName\":\"search_term_string\"}}],\"inLanguage\":\"cs\"},{\"@type\":\"Organization\",\"@id\":\"https:\/\/www.ortho-hart.at\/cs\/#organization\",\"name\":\"Ellenbogenspezialist Wien - Dr. Radek Hart\",\"url\":\"https:\/\/www.ortho-hart.at\/cs\/\",\"logo\":{\"@type\":\"ImageObject\",\"inLanguage\":\"cs\",\"@id\":\"https:\/\/www.ortho-hart.at\/cs\/#\/schema\/logo\/image\/\",\"url\":\"https:\/\/www.ortho-hart.at\/wp-content\/uploads\/2023\/04\/Logo-Favicon-schwarz.svg\",\"contentUrl\":\"https:\/\/www.ortho-hart.at\/wp-content\/uploads\/2023\/04\/Logo-Favicon-schwarz.svg\",\"width\":241,\"height\":226,\"caption\":\"Ellenbogenspezialist Wien - Dr. Radek Hart\"},\"image\":{\"@id\":\"https:\/\/www.ortho-hart.at\/cs\/#\/schema\/logo\/image\/\"}}]}<\/script>\n<!-- \/ Yoast SEO plugin. -->","yoast_head_json":{"title":"Ru\u010dn\u011b - Ellenbogenspezialist Wien - Dr. Radek Hart","robots":{"index":"index","follow":"follow","max-snippet":"max-snippet:-1","max-image-preview":"max-image-preview:large","max-video-preview":"max-video-preview:-1"},"canonical":"https:\/\/www.ortho-hart.at\/cs\/rucne\/","og_locale":"cs_CZ","og_type":"article","og_title":"Ru\u010dn\u011b - Ellenbogenspezialist Wien - Dr. Radek Hart","og_description":"Ruka je velmi slo\u017eit\u00fd syst\u00e9m kost\u00ed, kloub\u016f, vaz\u016f a \u0161lach, kter\u00fd umo\u017e\u0148uje prst\u016fm vykon\u00e1vat jemnou pr\u00e1ci. Naru\u0161en\u00ed tohoto syst\u00e9mu m\u016f\u017ee v\u00e9st ke zna\u010dn\u00fdm funk\u010dn\u00edm omezen\u00edm. Krom\u011b po\u00farazov\u00fdch stav\u016f se zab\u00fdv\u00e1me tak\u00e9 revmatick\u00fdmi, degenerativn\u00edmi nebo v\u00fdvojov\u00fdmi onemocn\u011bn\u00edmi. Mezi nej\u010dast\u011bj\u0161\u00ed chirurgick\u00e9 z\u00e1kroky pat\u0159\u00ed korekce osy, uvoln\u011bn\u00ed pohybu, stabilizace kloub\u016f, rekonstrukce \u0161lach a l\u00e9\u010dba degenerativn\u00edch zm\u011bn (artr\u00f3zy nebo&hellip;&nbsp;Ru\u010dn\u011b","og_url":"https:\/\/www.ortho-hart.at\/cs\/rucne\/","og_site_name":"Ellenbogenspezialist Wien - Dr. Radek Hart","article_modified_time":"2024-10-31T08:56:14+00:00","twitter_card":"summary_large_image","twitter_misc":{"Odhadovan\u00e1 doba \u010dten\u00ed":"1 minuta"},"schema":{"@context":"https:\/\/schema.org","@graph":[{"@type":"WebPage","@id":"https:\/\/www.ortho-hart.at\/cs\/rucne\/","url":"https:\/\/www.ortho-hart.at\/cs\/rucne\/","name":"Ru\u010dn\u011b - Ellenbogenspezialist Wien - Dr. Radek Hart","isPartOf":{"@id":"https:\/\/www.ortho-hart.at\/cs\/#website"},"datePublished":"2023-04-21T07:05:09+00:00","dateModified":"2024-10-31T08:56:14+00:00","breadcrumb":{"@id":"https:\/\/www.ortho-hart.at\/cs\/rucne\/#breadcrumb"},"inLanguage":"cs","potentialAction":[{"@type":"ReadAction","target":["https:\/\/www.ortho-hart.at\/cs\/rucne\/"]}]},{"@type":"BreadcrumbList","@id":"https:\/\/www.ortho-hart.at\/cs\/rucne\/#breadcrumb","itemListElement":[{"@type":"ListItem","position":1,"name":"Startseite","item":"https:\/\/www.ortho-hart.at\/cs\/domovska-stranka\/"},{"@type":"ListItem","position":2,"name":"Ru\u010dn\u011b"}]},{"@type":"WebSite","@id":"https:\/\/www.ortho-hart.at\/cs\/#website","url":"https:\/\/www.ortho-hart.at\/cs\/","name":"Ellenbogenspezialist Wien - Dr. Radek Hart","description":"Orthop\u00e4de 1190 Wien - Spezialist f\u00fcr Ellenbogen","publisher":{"@id":"https:\/\/www.ortho-hart.at\/cs\/#organization"},"potentialAction":[{"@type":"SearchAction","target":{"@type":"EntryPoint","urlTemplate":"https:\/\/www.ortho-hart.at\/cs\/?s={search_term_string}"},"query-input":{"@type":"PropertyValueSpecification","valueRequired":true,"valueName":"search_term_string"}}],"inLanguage":"cs"},{"@type":"Organization","@id":"https:\/\/www.ortho-hart.at\/cs\/#organization","name":"Ellenbogenspezialist Wien - Dr. Radek Hart","url":"https:\/\/www.ortho-hart.at\/cs\/","logo":{"@type":"ImageObject","inLanguage":"cs","@id":"https:\/\/www.ortho-hart.at\/cs\/#\/schema\/logo\/image\/","url":"https:\/\/www.ortho-hart.at\/wp-content\/uploads\/2023\/04\/Logo-Favicon-schwarz.svg","contentUrl":"https:\/\/www.ortho-hart.at\/wp-content\/uploads\/2023\/04\/Logo-Favicon-schwarz.svg","width":241,"height":226,"caption":"Ellenbogenspezialist Wien - Dr. Radek Hart"},"image":{"@id":"https:\/\/www.ortho-hart.at\/cs\/#\/schema\/logo\/image\/"}}]}},"_links":{"self":[{"href":"https:\/\/www.ortho-hart.at\/cs\/wp-json\/wp\/v2\/pages\/4149","targetHints":{"allow":["GET"]}}],"collection":[{"href":"https:\/\/www.ortho-hart.at\/cs\/wp-json\/wp\/v2\/pages"}],"about":[{"href":"https:\/\/www.ortho-hart.at\/cs\/wp-json\/wp\/v2\/types\/page"}],"author":[{"embeddable":true,"href":"https:\/\/www.ortho-hart.at\/cs\/wp-json\/wp\/v2\/users\/2"}],"replies":[{"embeddable":true,"href":"https:\/\/www.ortho-hart.at\/cs\/wp-json\/wp\/v2\/comments?post=4149"}],"version-history":[{"count":1,"href":"https:\/\/www.ortho-hart.at\/cs\/wp-json\/wp\/v2\/pages\/4149\/revisions"}],"predecessor-version":[{"id":4151,"href":"https:\/\/www.ortho-hart.at\/cs\/wp-json\/wp\/v2\/pages\/4149\/revisions\/4151"}],"wp:attachment":[{"href":"https:\/\/www.ortho-hart.at\/cs\/wp-json\/wp\/v2\/media?parent=4149"}],"curies":[{"name":"wp","href":"https:\/\/api.w.org\/{rel}","templated":true}]}}